{"id":7444,"date":"2018-04-30T12:58:50","date_gmt":"2018-04-30T16:58:50","guid":{"rendered":"https:\/\/laslide.com\/guide-des-conferenciers\/"},"modified":"2021-11-24T14:48:57","modified_gmt":"2021-11-24T19:48:57","slug":"guide-des-conferenciers","status":"publish","type":"page","link":"https:\/\/laslide.com\/en\/guide-des-conferenciers\/","title":{"rendered":"E-Book &#8211; Le guide des conf\u00e9renciers"},"content":{"rendered":"\t\t<div data-elementor-type=\"wp-page\" data-elementor-id=\"7444\" class=\"elementor elementor-7444 elementor-739\" data-elementor-post-type=\"page\">\n\t\t\t\t\t\t<section class=\"elementor-section elementor-top-section elementor-element elementor-element-3729ffe2 elementor-section-boxed elementor-section-height-default elementor-section-height-default\" data-id=\"3729ffe2\" data-element_type=\"section\" data-e-type=\"section\">\n\t\t\t\t\t\t<div class=\"elementor-container elementor-column-gap-default\">\n\t\t\t\t\t<div class=\"elementor-column elementor-col-100 elementor-top-column elementor-element elementor-element-1cf6dc47\" data-id=\"1cf6dc47\" data-element_type=\"column\" data-e-type=\"column\">\n\t\t\t<div class=\"elementor-widget-wrap elementor-element-populated\">\n\t\t\t\t\t\t<div class=\"elementor-element elementor-element-7b51853a elementor-widget elementor-widget-text-editor\" data-id=\"7b51853a\" data-element_type=\"widget\" data-e-type=\"widget\" data-widget_type=\"text-editor.default\">\n\t\t\t\t<div class=\"elementor-widget-container\">\n\t\t\t\t\t\t\t\t\t<p><br \/><iframe src=\"https:\/\/www.youtube.com\/embed\/BidnIoinjxk?rel=0\" width=\"560\" height=\"315\" frameborder=\"0\" allowfullscreen=\"allowfullscreen\"><\/iframe><\/p>\n<p>Conf\u00e9renci\u00e8res et conf\u00e9renciers, bienvenus! L&#8217;\u00e9quipe de La Slide est heureuse de vous offrir ce premier <em>E-Book<\/em> qui saura vous accompagner dans toutes vos conf\u00e9rences et pr\u00e9sentations importantes.<\/p>\n<p>Boite \u00e0 outils pratiques incluant des <em>to do list<\/em>, conseils sur les visuels et strat\u00e9gies de prise de parole sont au menu de ce guide des conf\u00e9renciers.<\/p>\n<p>Il s&#8217;adresse autant aux d\u00e9butants qu&#8217;aux experts, ainsi qu&#8217;aux extravertis et aux introvertis.\u00a0 \u00a0<\/p>\n<h3>Remplissez le formulaire ci-dessous pour recevoir imm\u00e9diatement votre exemplaire du E-Book.<\/h3>\n<p><\/p>\t\t\t\t\t\t\t\t<\/div>\n\t\t\t\t<\/div>\n\t\t\t\t\t<\/div>\n\t\t<\/div>\n\t\t\t\t\t<\/div>\n\t\t<\/section>\n\t\t\t\t<\/div>\n\t\t","protected":false},"excerpt":{"rendered":"<p>Conf\u00e9renci\u00e8res et conf\u00e9renciers, bienvenus! L&#8217;\u00e9quipe de La Slide est heureuse de vous offrir ce premier E-Book qui saura vous accompagner dans toutes vos conf\u00e9rences et pr\u00e9sentations importantes. Boite \u00e0 outils pratiques incluant des to do list, conseils sur les visuels et strat\u00e9gies de prise de parole sont au menu de ce guide des conf\u00e9renciers. Il [&hellip;]<\/p>\n","protected":false},"author":1,"featured_media":6850,"parent":0,"menu_order":0,"comment_status":"closed","ping_status":"closed","template":"","meta":{"_coblocks_attr":"","_coblocks_dimensions":"","_coblocks_responsive_height":"","_coblocks_accordion_ie_support":"","content-type":"","footnotes":""},"class_list":["post-7444","page","type-page","status-publish","has-post-thumbnail","hentry"],"yoast_head":"<!-- This site is optimized with the Yoast SEO plugin v27.5 - https:\/\/yoast.com\/product\/yoast-seo-wordpress\/ -->\n<title>E-book gratuit | Le guide des conf\u00e9renciers | boite \u00e0 outils | La Slide<\/title>\n<meta name=\"description\" content=\"Ce guide s\u2019adresse aux conf\u00e9renciers d\u00e9butants ou avertis pour g\u00e9n\u00e9rer de meilleures pratiques lors des pr\u00e9sentations orales. Questions \u00e0 poser, cr\u00e9ation du contenu et visuels, attitudes sc\u00e9niques et erreurs \u00e0 \u00e9viter, nous faisons un tour \u00e0 360 degr\u00e9s des essentiels \u00e0 ne pas oublier.\" \/>\n<meta name=\"robots\" content=\"index, follow, max-snippet:-1, max-image-preview:large, max-video-preview:-1\" \/>\n<link rel=\"canonical\" href=\"https:\/\/laslide.com\/en\/guide-des-conferenciers\/\" \/>\n<meta property=\"og:locale\" content=\"en_US\" \/>\n<meta property=\"og:type\" content=\"article\" \/>\n<meta property=\"og:title\" content=\"E-book gratuit | Le guide des conf\u00e9renciers | boite \u00e0 outils | La Slide\" \/>\n<meta property=\"og:description\" content=\"Ce guide s\u2019adresse aux conf\u00e9renciers d\u00e9butants ou avertis pour g\u00e9n\u00e9rer de meilleures pratiques lors des pr\u00e9sentations orales. Questions \u00e0 poser, cr\u00e9ation du contenu et visuels, attitudes sc\u00e9niques et erreurs \u00e0 \u00e9viter, nous faisons un tour \u00e0 360 degr\u00e9s des essentiels \u00e0 ne pas oublier.\" \/>\n<meta property=\"og:url\" content=\"https:\/\/laslide.com\/en\/guide-des-conferenciers\/\" \/>\n<meta property=\"og:site_name\" content=\"La Slide\" \/>\n<meta property=\"article:publisher\" content=\"https:\/\/www.facebook.com\/laslide\/\" \/>\n<meta property=\"article:modified_time\" content=\"2021-11-24T19:48:57+00:00\" \/>\n<meta property=\"og:image\" content=\"https:\/\/laslide.com\/wp-content\/uploads\/2018\/04\/Capture-d\u2019e\u0301cran-2018-04-30-a\u0300-12.37.37.png\" \/>\n\t<meta property=\"og:image:width\" content=\"1045\" \/>\n\t<meta property=\"og:image:height\" content=\"551\" \/>\n\t<meta property=\"og:image:type\" content=\"image\/png\" \/>\n<meta name=\"twitter:card\" content=\"summary_large_image\" \/>\n<script type=\"application\/ld+json\" class=\"yoast-schema-graph\">{\"@context\":\"https:\\\/\\\/schema.org\",\"@graph\":[{\"@type\":\"WebPage\",\"@id\":\"https:\\\/\\\/laslide.com\\\/en\\\/guide-des-conferenciers\\\/\",\"url\":\"https:\\\/\\\/laslide.com\\\/en\\\/guide-des-conferenciers\\\/\",\"name\":\"E-book gratuit | Le guide des conf\u00e9renciers | boite \u00e0 outils | La Slide\",\"isPartOf\":{\"@id\":\"https:\\\/\\\/laslide.com\\\/#website\"},\"primaryImageOfPage\":{\"@id\":\"https:\\\/\\\/laslide.com\\\/en\\\/guide-des-conferenciers\\\/#primaryimage\"},\"image\":{\"@id\":\"https:\\\/\\\/laslide.com\\\/en\\\/guide-des-conferenciers\\\/#primaryimage\"},\"thumbnailUrl\":\"https:\\\/\\\/laslide.com\\\/wp-content\\\/uploads\\\/2018\\\/04\\\/Capture-d\u2019e\u0301cran-2018-04-30-a\u0300-12.37.37.png\",\"datePublished\":\"2018-04-30T16:58:50+00:00\",\"dateModified\":\"2021-11-24T19:48:57+00:00\",\"description\":\"Ce guide s\u2019adresse aux conf\u00e9renciers d\u00e9butants ou avertis pour g\u00e9n\u00e9rer de meilleures pratiques lors des pr\u00e9sentations orales. Questions \u00e0 poser, cr\u00e9ation du contenu et visuels, attitudes sc\u00e9niques et erreurs \u00e0 \u00e9viter, nous faisons un tour \u00e0 360 degr\u00e9s des essentiels \u00e0 ne pas oublier.\",\"breadcrumb\":{\"@id\":\"https:\\\/\\\/laslide.com\\\/en\\\/guide-des-conferenciers\\\/#breadcrumb\"},\"inLanguage\":\"en-US\",\"potentialAction\":[{\"@type\":\"ReadAction\",\"target\":[\"https:\\\/\\\/laslide.com\\\/en\\\/guide-des-conferenciers\\\/\"]}]},{\"@type\":\"ImageObject\",\"inLanguage\":\"en-US\",\"@id\":\"https:\\\/\\\/laslide.com\\\/en\\\/guide-des-conferenciers\\\/#primaryimage\",\"url\":\"https:\\\/\\\/laslide.com\\\/wp-content\\\/uploads\\\/2018\\\/04\\\/Capture-d\u2019e\u0301cran-2018-04-30-a\u0300-12.37.37.png\",\"contentUrl\":\"https:\\\/\\\/laslide.com\\\/wp-content\\\/uploads\\\/2018\\\/04\\\/Capture-d\u2019e\u0301cran-2018-04-30-a\u0300-12.37.37.png\",\"width\":1045,\"height\":551,\"caption\":\"A group of conf\u00e9renciers sitting around a table with a laptop.\"},{\"@type\":\"BreadcrumbList\",\"@id\":\"https:\\\/\\\/laslide.com\\\/en\\\/guide-des-conferenciers\\\/#breadcrumb\",\"itemListElement\":[{\"@type\":\"ListItem\",\"position\":1,\"name\":\"Accueil\",\"item\":\"https:\\\/\\\/laslide.com\\\/en\\\/?page_id=7428\"},{\"@type\":\"ListItem\",\"position\":2,\"name\":\"E-Book &#8211; Le guide des conf\u00e9renciers\"}]},{\"@type\":\"WebSite\",\"@id\":\"https:\\\/\\\/laslide.com\\\/#website\",\"url\":\"https:\\\/\\\/laslide.com\\\/\",\"name\":\"La Slide\",\"description\":\"Optimisez vos communications\",\"publisher\":{\"@id\":\"https:\\\/\\\/laslide.com\\\/#organization\"},\"potentialAction\":[{\"@type\":\"SearchAction\",\"target\":{\"@type\":\"EntryPoint\",\"urlTemplate\":\"https:\\\/\\\/laslide.com\\\/?s={search_term_string}\"},\"query-input\":{\"@type\":\"PropertyValueSpecification\",\"valueRequired\":true,\"valueName\":\"search_term_string\"}}],\"inLanguage\":\"en-US\"},{\"@type\":\"Organization\",\"@id\":\"https:\\\/\\\/laslide.com\\\/#organization\",\"name\":\"La Slide\",\"url\":\"https:\\\/\\\/laslide.com\\\/\",\"logo\":{\"@type\":\"ImageObject\",\"inLanguage\":\"en-US\",\"@id\":\"https:\\\/\\\/laslide.com\\\/#\\\/schema\\\/logo\\\/image\\\/\",\"url\":\"https:\\\/\\\/laslide.com\\\/wp-content\\\/uploads\\\/2021\\\/02\\\/LOGO_La-Slide_Orange.png\",\"contentUrl\":\"https:\\\/\\\/laslide.com\\\/wp-content\\\/uploads\\\/2021\\\/02\\\/LOGO_La-Slide_Orange.png\",\"width\":800,\"height\":228,\"caption\":\"La Slide\"},\"image\":{\"@id\":\"https:\\\/\\\/laslide.com\\\/#\\\/schema\\\/logo\\\/image\\\/\"},\"sameAs\":[\"https:\\\/\\\/www.facebook.com\\\/laslide\\\/\",\"https:\\\/\\\/www.linkedin.com\\\/company\\\/10876652\"]}]}<\/script>\n<!-- \/ Yoast SEO plugin. -->","yoast_head_json":{"title":"E-book gratuit | Le guide des conf\u00e9renciers | boite \u00e0 outils | La Slide","description":"Ce guide s\u2019adresse aux conf\u00e9renciers d\u00e9butants ou avertis pour g\u00e9n\u00e9rer de meilleures pratiques lors des pr\u00e9sentations orales. Questions \u00e0 poser, cr\u00e9ation du contenu et visuels, attitudes sc\u00e9niques et erreurs \u00e0 \u00e9viter, nous faisons un tour \u00e0 360 degr\u00e9s des essentiels \u00e0 ne pas oublier.","robots":{"index":"index","follow":"follow","max-snippet":"max-snippet:-1","max-image-preview":"max-image-preview:large","max-video-preview":"max-video-preview:-1"},"canonical":"https:\/\/laslide.com\/en\/guide-des-conferenciers\/","og_locale":"en_US","og_type":"article","og_title":"E-book gratuit | Le guide des conf\u00e9renciers | boite \u00e0 outils | La Slide","og_description":"Ce guide s\u2019adresse aux conf\u00e9renciers d\u00e9butants ou avertis pour g\u00e9n\u00e9rer de meilleures pratiques lors des pr\u00e9sentations orales. Questions \u00e0 poser, cr\u00e9ation du contenu et visuels, attitudes sc\u00e9niques et erreurs \u00e0 \u00e9viter, nous faisons un tour \u00e0 360 degr\u00e9s des essentiels \u00e0 ne pas oublier.","og_url":"https:\/\/laslide.com\/en\/guide-des-conferenciers\/","og_site_name":"La Slide","article_publisher":"https:\/\/www.facebook.com\/laslide\/","article_modified_time":"2021-11-24T19:48:57+00:00","og_image":[{"width":1045,"height":551,"url":"https:\/\/laslide.com\/wp-content\/uploads\/2018\/04\/Capture-d\u2019e\u0301cran-2018-04-30-a\u0300-12.37.37.png","type":"image\/png"}],"twitter_card":"summary_large_image","schema":{"@context":"https:\/\/schema.org","@graph":[{"@type":"WebPage","@id":"https:\/\/laslide.com\/en\/guide-des-conferenciers\/","url":"https:\/\/laslide.com\/en\/guide-des-conferenciers\/","name":"E-book gratuit | Le guide des conf\u00e9renciers | boite \u00e0 outils | La Slide","isPartOf":{"@id":"https:\/\/laslide.com\/#website"},"primaryImageOfPage":{"@id":"https:\/\/laslide.com\/en\/guide-des-conferenciers\/#primaryimage"},"image":{"@id":"https:\/\/laslide.com\/en\/guide-des-conferenciers\/#primaryimage"},"thumbnailUrl":"https:\/\/laslide.com\/wp-content\/uploads\/2018\/04\/Capture-d\u2019e\u0301cran-2018-04-30-a\u0300-12.37.37.png","datePublished":"2018-04-30T16:58:50+00:00","dateModified":"2021-11-24T19:48:57+00:00","description":"Ce guide s\u2019adresse aux conf\u00e9renciers d\u00e9butants ou avertis pour g\u00e9n\u00e9rer de meilleures pratiques lors des pr\u00e9sentations orales. Questions \u00e0 poser, cr\u00e9ation du contenu et visuels, attitudes sc\u00e9niques et erreurs \u00e0 \u00e9viter, nous faisons un tour \u00e0 360 degr\u00e9s des essentiels \u00e0 ne pas oublier.","breadcrumb":{"@id":"https:\/\/laslide.com\/en\/guide-des-conferenciers\/#breadcrumb"},"inLanguage":"en-US","potentialAction":[{"@type":"ReadAction","target":["https:\/\/laslide.com\/en\/guide-des-conferenciers\/"]}]},{"@type":"ImageObject","inLanguage":"en-US","@id":"https:\/\/laslide.com\/en\/guide-des-conferenciers\/#primaryimage","url":"https:\/\/laslide.com\/wp-content\/uploads\/2018\/04\/Capture-d\u2019e\u0301cran-2018-04-30-a\u0300-12.37.37.png","contentUrl":"https:\/\/laslide.com\/wp-content\/uploads\/2018\/04\/Capture-d\u2019e\u0301cran-2018-04-30-a\u0300-12.37.37.png","width":1045,"height":551,"caption":"A group of conf\u00e9renciers sitting around a table with a laptop."},{"@type":"BreadcrumbList","@id":"https:\/\/laslide.com\/en\/guide-des-conferenciers\/#breadcrumb","itemListElement":[{"@type":"ListItem","position":1,"name":"Accueil","item":"https:\/\/laslide.com\/en\/?page_id=7428"},{"@type":"ListItem","position":2,"name":"E-Book &#8211; Le guide des conf\u00e9renciers"}]},{"@type":"WebSite","@id":"https:\/\/laslide.com\/#website","url":"https:\/\/laslide.com\/","name":"La Slide","description":"Optimisez vos communications","publisher":{"@id":"https:\/\/laslide.com\/#organization"},"potentialAction":[{"@type":"SearchAction","target":{"@type":"EntryPoint","urlTemplate":"https:\/\/laslide.com\/?s={search_term_string}"},"query-input":{"@type":"PropertyValueSpecification","valueRequired":true,"valueName":"search_term_string"}}],"inLanguage":"en-US"},{"@type":"Organization","@id":"https:\/\/laslide.com\/#organization","name":"La Slide","url":"https:\/\/laslide.com\/","logo":{"@type":"ImageObject","inLanguage":"en-US","@id":"https:\/\/laslide.com\/#\/schema\/logo\/image\/","url":"https:\/\/laslide.com\/wp-content\/uploads\/2021\/02\/LOGO_La-Slide_Orange.png","contentUrl":"https:\/\/laslide.com\/wp-content\/uploads\/2021\/02\/LOGO_La-Slide_Orange.png","width":800,"height":228,"caption":"La Slide"},"image":{"@id":"https:\/\/laslide.com\/#\/schema\/logo\/image\/"},"sameAs":["https:\/\/www.facebook.com\/laslide\/","https:\/\/www.linkedin.com\/company\/10876652"]}]}},"_links":{"self":[{"href":"https:\/\/laslide.com\/en\/wp-json\/wp\/v2\/pages\/7444","targetHints":{"allow":["GET"]}}],"collection":[{"href":"https:\/\/laslide.com\/en\/wp-json\/wp\/v2\/pages"}],"about":[{"href":"https:\/\/laslide.com\/en\/wp-json\/wp\/v2\/types\/page"}],"author":[{"embeddable":true,"href":"https:\/\/laslide.com\/en\/wp-json\/wp\/v2\/users\/1"}],"replies":[{"embeddable":true,"href":"https:\/\/laslide.com\/en\/wp-json\/wp\/v2\/comments?post=7444"}],"version-history":[{"count":9,"href":"https:\/\/laslide.com\/en\/wp-json\/wp\/v2\/pages\/7444\/revisions"}],"predecessor-version":[{"id":8171,"href":"https:\/\/laslide.com\/en\/wp-json\/wp\/v2\/pages\/7444\/revisions\/8171"}],"wp:featuredmedia":[{"embeddable":true,"href":"https:\/\/laslide.com\/en\/wp-json\/wp\/v2\/media\/6850"}],"wp:attachment":[{"href":"https:\/\/laslide.com\/en\/wp-json\/wp\/v2\/media?parent=7444"}],"curies":[{"name":"wp","href":"https:\/\/api.w.org\/{rel}","templated":true}]}}