{"id":7446,"date":"2017-12-11T14:12:50","date_gmt":"2017-12-11T19:12:50","guid":{"rendered":"https:\/\/laslide.com\/foire-aux-questions-faq\/"},"modified":"2017-12-11T14:12:50","modified_gmt":"2017-12-11T19:12:50","slug":"foire-aux-questions-faq","status":"publish","type":"page","link":"https:\/\/laslide.com\/en\/foire-aux-questions-faq\/","title":{"rendered":"Foire aux questions (FAQ)"},"content":{"rendered":"<p>Utilisez cette section pour apporter les r\u00e9ponses aux questions fr\u00e9quentes que vos prospects peuvent avoir. Nous vous recommandons d\u2019inclure des rubriques comme votre politique de retour, des informations sur la garantie des produits, l\u2019exp\u00e9dition et les retours, etc. V\u00e9rifiez les exemples ci-dessous.<\/p>\n<hr \/>\n<h3>Quelle est votre politique de retour\u00a0?<\/h3>\n<p>Tous nos produits peuvent \u00eatre retourn\u00e9s sans justification dans les 30\u00a0jours suivant l\u2019achat. Nous prenons m\u00eame en charge les frais de retour.<\/p>\n<hr \/>\n<h3>Livrez-vous \u00e0 l\u2019\u00e9tranger et \u00e0 des bo\u00eetes postales\u00a0?<\/h3>\n<p>Oui, nous envoyons \u00e0 tout endroit acceptant les livraisons.<\/p>\n<hr \/>\n<h3>Disposez-vous d\u2019un service client\u00e8le\u00a0?<\/h3>\n<p>Bien s\u00fbr\u00a0! Serviables et comp\u00e9tents, les repr\u00e9sentants du service client\u00e8le sont pr\u00eats \u00e0 r\u00e9pondre \u00e0 vos questions 24 h sur 24, 7 jours sur 7, 365\u00a0jours par an.<\/p>\n","protected":false},"excerpt":{"rendered":"<p>Utilisez cette section pour apporter les r\u00e9ponses aux questions fr\u00e9quentes que vos prospects peuvent avoir. Nous vous recommandons d\u2019inclure des rubriques comme votre politique de retour, des informations sur la garantie des produits, l\u2019exp\u00e9dition et les retours, etc. V\u00e9rifiez les exemples ci-dessous. Quelle est votre politique de retour\u00a0? Tous nos produits peuvent \u00eatre retourn\u00e9s sans [&hellip;]<\/p>\n","protected":false},"author":1,"featured_media":0,"parent":0,"menu_order":0,"comment_status":"closed","ping_status":"closed","template":"","meta":{"_coblocks_attr":"","_coblocks_dimensions":"","_coblocks_responsive_height":"","_coblocks_accordion_ie_support":"","content-type":"","footnotes":""},"class_list":["post-7446","page","type-page","status-publish","hentry"],"yoast_head":"<!-- This site is optimized with the Yoast SEO plugin v27.5 - https:\/\/yoast.com\/product\/yoast-seo-wordpress\/ -->\n<title>Foire aux questions (FAQ) | La Slide<\/title>\n<meta name=\"robots\" content=\"index, follow, max-snippet:-1, max-image-preview:large, max-video-preview:-1\" \/>\n<link rel=\"canonical\" href=\"https:\/\/laslide.com\/en\/foire-aux-questions-faq\/\" \/>\n<meta property=\"og:locale\" content=\"en_US\" \/>\n<meta property=\"og:type\" content=\"article\" \/>\n<meta property=\"og:title\" content=\"Foire aux questions (FAQ) | La Slide\" \/>\n<meta property=\"og:description\" content=\"Utilisez cette section pour apporter les r\u00e9ponses aux questions fr\u00e9quentes que vos prospects peuvent avoir. Nous vous recommandons d\u2019inclure des rubriques comme votre politique de retour, des informations sur la garantie des produits, l\u2019exp\u00e9dition et les retours, etc. V\u00e9rifiez les exemples ci-dessous. Quelle est votre politique de retour\u00a0? Tous nos produits peuvent \u00eatre retourn\u00e9s sans [&hellip;]\" \/>\n<meta property=\"og:url\" content=\"https:\/\/laslide.com\/en\/foire-aux-questions-faq\/\" \/>\n<meta property=\"og:site_name\" content=\"La Slide\" \/>\n<meta property=\"article:publisher\" content=\"https:\/\/www.facebook.com\/laslide\/\" \/>\n<meta property=\"og:image\" content=\"https:\/\/laslide.com\/wp-content\/uploads\/2018\/01\/GettyImages-541976598.jpg\" \/>\n\t<meta property=\"og:image:width\" content=\"1920\" \/>\n\t<meta property=\"og:image:height\" content=\"1281\" \/>\n\t<meta property=\"og:image:type\" content=\"image\/jpeg\" \/>\n<meta name=\"twitter:card\" content=\"summary_large_image\" \/>\n<meta name=\"twitter:label1\" content=\"Est. reading time\" \/>\n\t<meta name=\"twitter:data1\" content=\"1 minute\" \/>\n<script type=\"application\/ld+json\" class=\"yoast-schema-graph\">{\"@context\":\"https:\\\/\\\/schema.org\",\"@graph\":[{\"@type\":\"WebPage\",\"@id\":\"https:\\\/\\\/laslide.com\\\/en\\\/foire-aux-questions-faq\\\/\",\"url\":\"https:\\\/\\\/laslide.com\\\/en\\\/foire-aux-questions-faq\\\/\",\"name\":\"Foire aux questions (FAQ) | La Slide\",\"isPartOf\":{\"@id\":\"https:\\\/\\\/laslide.com\\\/#website\"},\"datePublished\":\"2017-12-11T19:12:50+00:00\",\"breadcrumb\":{\"@id\":\"https:\\\/\\\/laslide.com\\\/en\\\/foire-aux-questions-faq\\\/#breadcrumb\"},\"inLanguage\":\"en-US\",\"potentialAction\":[{\"@type\":\"ReadAction\",\"target\":[\"https:\\\/\\\/laslide.com\\\/en\\\/foire-aux-questions-faq\\\/\"]}]},{\"@type\":\"BreadcrumbList\",\"@id\":\"https:\\\/\\\/laslide.com\\\/en\\\/foire-aux-questions-faq\\\/#breadcrumb\",\"itemListElement\":[{\"@type\":\"ListItem\",\"position\":1,\"name\":\"Accueil\",\"item\":\"https:\\\/\\\/laslide.com\\\/en\\\/?page_id=7428\"},{\"@type\":\"ListItem\",\"position\":2,\"name\":\"Foire aux questions (FAQ)\"}]},{\"@type\":\"WebSite\",\"@id\":\"https:\\\/\\\/laslide.com\\\/#website\",\"url\":\"https:\\\/\\\/laslide.com\\\/\",\"name\":\"La Slide\",\"description\":\"Optimisez vos communications\",\"publisher\":{\"@id\":\"https:\\\/\\\/laslide.com\\\/#organization\"},\"potentialAction\":[{\"@type\":\"SearchAction\",\"target\":{\"@type\":\"EntryPoint\",\"urlTemplate\":\"https:\\\/\\\/laslide.com\\\/?s={search_term_string}\"},\"query-input\":{\"@type\":\"PropertyValueSpecification\",\"valueRequired\":true,\"valueName\":\"search_term_string\"}}],\"inLanguage\":\"en-US\"},{\"@type\":\"Organization\",\"@id\":\"https:\\\/\\\/laslide.com\\\/#organization\",\"name\":\"La Slide\",\"url\":\"https:\\\/\\\/laslide.com\\\/\",\"logo\":{\"@type\":\"ImageObject\",\"inLanguage\":\"en-US\",\"@id\":\"https:\\\/\\\/laslide.com\\\/#\\\/schema\\\/logo\\\/image\\\/\",\"url\":\"https:\\\/\\\/laslide.com\\\/wp-content\\\/uploads\\\/2021\\\/02\\\/LOGO_La-Slide_Orange.png\",\"contentUrl\":\"https:\\\/\\\/laslide.com\\\/wp-content\\\/uploads\\\/2021\\\/02\\\/LOGO_La-Slide_Orange.png\",\"width\":800,\"height\":228,\"caption\":\"La Slide\"},\"image\":{\"@id\":\"https:\\\/\\\/laslide.com\\\/#\\\/schema\\\/logo\\\/image\\\/\"},\"sameAs\":[\"https:\\\/\\\/www.facebook.com\\\/laslide\\\/\",\"https:\\\/\\\/www.linkedin.com\\\/company\\\/10876652\"]}]}<\/script>\n<!-- \/ Yoast SEO plugin. -->","yoast_head_json":{"title":"Foire aux questions (FAQ) | La Slide","robots":{"index":"index","follow":"follow","max-snippet":"max-snippet:-1","max-image-preview":"max-image-preview:large","max-video-preview":"max-video-preview:-1"},"canonical":"https:\/\/laslide.com\/en\/foire-aux-questions-faq\/","og_locale":"en_US","og_type":"article","og_title":"Foire aux questions (FAQ) | La Slide","og_description":"Utilisez cette section pour apporter les r\u00e9ponses aux questions fr\u00e9quentes que vos prospects peuvent avoir. Nous vous recommandons d\u2019inclure des rubriques comme votre politique de retour, des informations sur la garantie des produits, l\u2019exp\u00e9dition et les retours, etc. V\u00e9rifiez les exemples ci-dessous. Quelle est votre politique de retour\u00a0? Tous nos produits peuvent \u00eatre retourn\u00e9s sans [&hellip;]","og_url":"https:\/\/laslide.com\/en\/foire-aux-questions-faq\/","og_site_name":"La Slide","article_publisher":"https:\/\/www.facebook.com\/laslide\/","og_image":[{"width":1920,"height":1281,"url":"https:\/\/laslide.com\/wp-content\/uploads\/2018\/01\/GettyImages-541976598.jpg","type":"image\/jpeg"}],"twitter_card":"summary_large_image","twitter_misc":{"Est. reading time":"1 minute"},"schema":{"@context":"https:\/\/schema.org","@graph":[{"@type":"WebPage","@id":"https:\/\/laslide.com\/en\/foire-aux-questions-faq\/","url":"https:\/\/laslide.com\/en\/foire-aux-questions-faq\/","name":"Foire aux questions (FAQ) | La Slide","isPartOf":{"@id":"https:\/\/laslide.com\/#website"},"datePublished":"2017-12-11T19:12:50+00:00","breadcrumb":{"@id":"https:\/\/laslide.com\/en\/foire-aux-questions-faq\/#breadcrumb"},"inLanguage":"en-US","potentialAction":[{"@type":"ReadAction","target":["https:\/\/laslide.com\/en\/foire-aux-questions-faq\/"]}]},{"@type":"BreadcrumbList","@id":"https:\/\/laslide.com\/en\/foire-aux-questions-faq\/#breadcrumb","itemListElement":[{"@type":"ListItem","position":1,"name":"Accueil","item":"https:\/\/laslide.com\/en\/?page_id=7428"},{"@type":"ListItem","position":2,"name":"Foire aux questions (FAQ)"}]},{"@type":"WebSite","@id":"https:\/\/laslide.com\/#website","url":"https:\/\/laslide.com\/","name":"La Slide","description":"Optimisez vos communications","publisher":{"@id":"https:\/\/laslide.com\/#organization"},"potentialAction":[{"@type":"SearchAction","target":{"@type":"EntryPoint","urlTemplate":"https:\/\/laslide.com\/?s={search_term_string}"},"query-input":{"@type":"PropertyValueSpecification","valueRequired":true,"valueName":"search_term_string"}}],"inLanguage":"en-US"},{"@type":"Organization","@id":"https:\/\/laslide.com\/#organization","name":"La Slide","url":"https:\/\/laslide.com\/","logo":{"@type":"ImageObject","inLanguage":"en-US","@id":"https:\/\/laslide.com\/#\/schema\/logo\/image\/","url":"https:\/\/laslide.com\/wp-content\/uploads\/2021\/02\/LOGO_La-Slide_Orange.png","contentUrl":"https:\/\/laslide.com\/wp-content\/uploads\/2021\/02\/LOGO_La-Slide_Orange.png","width":800,"height":228,"caption":"La Slide"},"image":{"@id":"https:\/\/laslide.com\/#\/schema\/logo\/image\/"},"sameAs":["https:\/\/www.facebook.com\/laslide\/","https:\/\/www.linkedin.com\/company\/10876652"]}]}},"_links":{"self":[{"href":"https:\/\/laslide.com\/en\/wp-json\/wp\/v2\/pages\/7446","targetHints":{"allow":["GET"]}}],"collection":[{"href":"https:\/\/laslide.com\/en\/wp-json\/wp\/v2\/pages"}],"about":[{"href":"https:\/\/laslide.com\/en\/wp-json\/wp\/v2\/types\/page"}],"author":[{"embeddable":true,"href":"https:\/\/laslide.com\/en\/wp-json\/wp\/v2\/users\/1"}],"replies":[{"embeddable":true,"href":"https:\/\/laslide.com\/en\/wp-json\/wp\/v2\/comments?post=7446"}],"version-history":[{"count":0,"href":"https:\/\/laslide.com\/en\/wp-json\/wp\/v2\/pages\/7446\/revisions"}],"wp:attachment":[{"href":"https:\/\/laslide.com\/en\/wp-json\/wp\/v2\/media?parent=7446"}],"curies":[{"name":"wp","href":"https:\/\/api.w.org\/{rel}","templated":true}]}}